{"id":63,"date":"2026-05-04T20:08:48","date_gmt":"2026-05-04T18:08:48","guid":{"rendered":"http:\/\/oassawindels.com\/?page_id=63"},"modified":"2026-05-04T20:59:57","modified_gmt":"2026-05-04T18:59:57","slug":"kinesiologie-a-mouscron-oassa-windels","status":"publish","type":"page","link":"https:\/\/oassawindels.com\/index.php\/kinesiologie-a-mouscron-oassa-windels\/","title":{"rendered":"Kin\u00e9siologie \u00e0 Mouscron"},"content":{"rendered":"\t\t<div data-elementor-type=\"wp-page\" data-elementor-id=\"63\" class=\"elementor elementor-63\">\n\t\t\t\t\t\t<section class=\"elementor-section elementor-top-section elementor-element elementor-element-00a8ada elementor-section-boxed elementor-section-height-default elementor-section-height-default\" data-id=\"00a8ada\" data-element_type=\"section\" data-e-type=\"section\">\n\t\t\t\t\t\t<div class=\"elementor-container elementor-column-gap-default\">\n\t\t\t\t\t<div class=\"elementor-column elementor-col-100 elementor-top-column elementor-element elementor-element-c2377d2\" data-id=\"c2377d2\" data-element_type=\"column\" data-e-type=\"column\">\n\t\t\t<div class=\"elementor-widget-wrap elementor-element-populated\">\n\t\t\t\t\t\t<div class=\"elementor-element elementor-element-aaf6d4f elementor-widget elementor-widget-heading\" data-id=\"aaf6d4f\" data-element_type=\"widget\" data-e-type=\"widget\" data-widget_type=\"heading.default\">\n\t\t\t\t<div class=\"elementor-widget-container\">\n\t\t\t\t\t<h2 class=\"elementor-heading-title elementor-size-default\">Kin\u00e9siologie \u00e0 Mouscron<\/h2>\t\t\t\t<\/div>\n\t\t\t\t<\/div>\n\t\t\t\t<div class=\"elementor-element elementor-element-f568bbc elementor-widget elementor-widget-text-editor\" data-id=\"f568bbc\" data-element_type=\"widget\" data-e-type=\"widget\" data-widget_type=\"text-editor.default\">\n\t\t\t\t<div class=\"elementor-widget-container\">\n\t\t\t\t\t\t\t\t\t<p style=\"text-align: center;\"><strong>Retrouvez \u00e9quilibre, apaisement et mieux-\u00eatre gr\u00e2ce \u00e0 une approche douce et personnalis\u00e9e.<\/strong><\/p>\t\t\t\t\t\t\t\t<\/div>\n\t\t\t\t<\/div>\n\t\t\t\t<div class=\"elementor-element elementor-element-d6fa0af elementor-widget elementor-widget-text-editor\" data-id=\"d6fa0af\" data-element_type=\"widget\" data-e-type=\"widget\" data-widget_type=\"text-editor.default\">\n\t\t\t\t<div class=\"elementor-widget-container\">\n\t\t\t\t\t\t\t\t\t<p style=\"text-align: center;\">La kin\u00e9siologie est une approche douce qui permet de lib\u00e9rer les blocages \u00e9motionnels, le stress et les tensions accumul\u00e9es.<\/p><p style=\"text-align: center;\">\u00c0 travers des techniques corporelles, elle aide \u00e0 r\u00e9tablir l\u2019\u00e9quilibre entre le corps et l\u2019esprit.<\/p><p style=\"text-align: center;\">Je vous accompagne dans un cadre bienveillant pour vous aider \u00e0 retrouver s\u00e9r\u00e9nit\u00e9, confiance et mieux-\u00eatre au quotidien.<\/p>\t\t\t\t\t\t\t\t<\/div>\n\t\t\t\t<\/div>\n\t\t\t\t<div class=\"elementor-element elementor-element-5814818 elementor-widget elementor-widget-heading\" data-id=\"5814818\" data-element_type=\"widget\" data-e-type=\"widget\" data-widget_type=\"heading.default\">\n\t\t\t\t<div class=\"elementor-widget-container\">\n\t\t\t\t\t<h2 class=\"elementor-heading-title elementor-size-default\">Pour qui ?<\/h2>\t\t\t\t<\/div>\n\t\t\t\t<\/div>\n\t\t\t\t<div class=\"elementor-element elementor-element-1ab47d6 elementor-widget elementor-widget-text-editor\" data-id=\"1ab47d6\" data-element_type=\"widget\" data-e-type=\"widget\" data-widget_type=\"text-editor.default\">\n\t\t\t\t<div class=\"elementor-widget-container\">\n\t\t\t\t\t\t\t\t\t<p style=\"text-align: center;\"><strong>Cette approche peut vous aider si vous ressentez<\/strong> :<\/p><p style=\"text-align: center;\">&#8211; du stress ou de l\u2019anxi\u00e9t\u00e9 <br \/>&#8211; des blocages \u00e9motionnels <br \/>&#8211; un manque de confiance en vous <br \/>&#8211; des difficult\u00e9s relationnelles <br \/>&#8211; une sensation de fatigue ou de d\u00e9s\u00e9quilibre<\/p>\t\t\t\t\t\t\t\t<\/div>\n\t\t\t\t<\/div>\n\t\t\t\t<div class=\"elementor-element elementor-element-e72857e elementor-widget elementor-widget-heading\" data-id=\"e72857e\" data-element_type=\"widget\" data-e-type=\"widget\" data-widget_type=\"heading.default\">\n\t\t\t\t<div class=\"elementor-widget-container\">\n\t\t\t\t\t<h2 class=\"elementor-heading-title elementor-size-default\">Comment se d\u00e9roule une s\u00e9ance ?<\/h2>\t\t\t\t<\/div>\n\t\t\t\t<\/div>\n\t\t\t\t<div class=\"elementor-element elementor-element-308271f elementor-widget elementor-widget-text-editor\" data-id=\"308271f\" data-element_type=\"widget\" data-e-type=\"widget\" data-widget_type=\"text-editor.default\">\n\t\t\t\t<div class=\"elementor-widget-container\">\n\t\t\t\t\t\t\t\t\t<p style=\"text-align: center;\">Chaque s\u00e9ance est un moment d\u2019\u00e9coute et d\u2019accompagnement personnalis\u00e9.<\/p><p style=\"text-align: center;\">\u00c0 travers des techniques corporelles douces, nous identifions ensemble les d\u00e9s\u00e9quilibres et travaillons \u00e0 les lib\u00e9rer, dans le respect de votre rythme.<\/p>\t\t\t\t\t\t\t\t<\/div>\n\t\t\t\t<\/div>\n\t\t\t\t<div class=\"elementor-element elementor-element-8fa7949 elementor-align-center elementor-widget elementor-widget-button\" data-id=\"8fa7949\" data-element_type=\"widget\" data-e-type=\"widget\" data-widget_type=\"button.default\">\n\t\t\t\t<div class=\"elementor-widget-container\">\n\t\t\t\t\t\t\t\t\t<div class=\"elementor-button-wrapper\">\n\t\t\t\t\t<a class=\"elementor-button elementor-button-link elementor-size-sm\" href=\"\/contact\">\n\t\t\t\t\t\t<span class=\"elementor-button-content-wrapper\">\n\t\t\t\t\t\t\t\t\t<span class=\"elementor-button-text\">Prendre rendez-vous<\/span>\n\t\t\t\t\t<\/span>\n\t\t\t\t\t<\/a>\n\t\t\t\t<\/div>\n\t\t\t\t\t\t\t\t<\/div>\n\t\t\t\t<\/div>\n\t\t\t\t\t<\/div>\n\t\t<\/div>\n\t\t\t\t\t<\/div>\n\t\t<\/section>\n\t\t\t\t<\/div>\n\t\t","protected":false},"excerpt":{"rendered":"<p>Kin\u00e9siologie \u00e0 Mouscron Retrouvez \u00e9quilibre, apaisement et mieux-\u00eatre gr\u00e2ce \u00e0 une approche douce et personnalis\u00e9e. La kin\u00e9siologie est une approche douce qui permet de lib\u00e9rer les blocages \u00e9motionnels, le stress et les tensions accumul\u00e9es. \u00c0 travers des techniques corporelles, elle aide \u00e0 r\u00e9tablir l\u2019\u00e9quilibre entre le corps et l\u2019esprit. Je vous accompagne dans un cadre [&hellip;]<\/p>\n","protected":false},"author":1,"featured_media":0,"parent":0,"menu_order":0,"comment_status":"closed","ping_status":"closed","template":"","meta":{"footnotes":""},"class_list":["post-63","page","type-page","status-publish","hentry"],"yoast_head":"<!-- This site is optimized with the Yoast SEO plugin v27.5 - https:\/\/yoast.com\/product\/yoast-seo-wordpress\/ -->\n<title>Kin\u00e9siologie \u00e0 Mouscron - Oassa Windels<\/title>\n<meta name=\"description\" content=\"Kin\u00e9siologue \u00e0 Mouscron, je vous accompagne pour lib\u00e9rer le stress, les blocages \u00e9motionnels et retrouver un \u00e9quilibre durable. Prenez rendez-vous.\" \/>\n<meta name=\"robots\" content=\"index, follow, max-snippet:-1, max-image-preview:large, max-video-preview:-1\" \/>\n<link rel=\"canonical\" href=\"http:\/\/oassawindels.com\/index.php\/kinesiologie-a-mouscron-oassa-windels\/\" \/>\n<meta property=\"og:locale\" content=\"fr_FR\" \/>\n<meta property=\"og:type\" content=\"article\" \/>\n<meta property=\"og:title\" content=\"Kin\u00e9siologie \u00e0 Mouscron - Oassa Windels\" \/>\n<meta property=\"og:description\" content=\"Kin\u00e9siologue \u00e0 Mouscron, je vous accompagne pour lib\u00e9rer le stress, les blocages \u00e9motionnels et retrouver un \u00e9quilibre durable. Prenez rendez-vous.\" \/>\n<meta property=\"og:url\" content=\"http:\/\/oassawindels.com\/index.php\/kinesiologie-a-mouscron-oassa-windels\/\" \/>\n<meta property=\"og:site_name\" content=\"Oassa Windels\" \/>\n<meta property=\"article:modified_time\" content=\"2026-05-04T18:59:57+00:00\" \/>\n<meta name=\"twitter:card\" content=\"summary_large_image\" \/>\n<meta name=\"twitter:label1\" content=\"Dur\u00e9e de lecture estim\u00e9e\" \/>\n\t<meta name=\"twitter:data1\" content=\"1 minute\" \/>\n<script type=\"application\/ld+json\" class=\"yoast-schema-graph\">{\"@context\":\"https:\\\/\\\/schema.org\",\"@graph\":[{\"@type\":\"WebPage\",\"@id\":\"http:\\\/\\\/oassawindels.com\\\/index.php\\\/kinesiologie-a-mouscron-oassa-windels\\\/\",\"url\":\"http:\\\/\\\/oassawindels.com\\\/index.php\\\/kinesiologie-a-mouscron-oassa-windels\\\/\",\"name\":\"Kin\u00e9siologie \u00e0 Mouscron - Oassa Windels\",\"isPartOf\":{\"@id\":\"http:\\\/\\\/oassawindels.com\\\/#website\"},\"datePublished\":\"2026-05-04T18:08:48+00:00\",\"dateModified\":\"2026-05-04T18:59:57+00:00\",\"description\":\"Kin\u00e9siologue \u00e0 Mouscron, je vous accompagne pour lib\u00e9rer le stress, les blocages \u00e9motionnels et retrouver un \u00e9quilibre durable. Prenez rendez-vous.\",\"breadcrumb\":{\"@id\":\"http:\\\/\\\/oassawindels.com\\\/index.php\\\/kinesiologie-a-mouscron-oassa-windels\\\/#breadcrumb\"},\"inLanguage\":\"fr-FR\",\"potentialAction\":[{\"@type\":\"ReadAction\",\"target\":[\"http:\\\/\\\/oassawindels.com\\\/index.php\\\/kinesiologie-a-mouscron-oassa-windels\\\/\"]}]},{\"@type\":\"BreadcrumbList\",\"@id\":\"http:\\\/\\\/oassawindels.com\\\/index.php\\\/kinesiologie-a-mouscron-oassa-windels\\\/#breadcrumb\",\"itemListElement\":[{\"@type\":\"ListItem\",\"position\":1,\"name\":\"Home\",\"item\":\"http:\\\/\\\/oassawindels.com\\\/\"},{\"@type\":\"ListItem\",\"position\":2,\"name\":\"Kin\u00e9siologie \u00e0 Mouscron\"}]},{\"@type\":\"WebSite\",\"@id\":\"http:\\\/\\\/oassawindels.com\\\/#website\",\"url\":\"http:\\\/\\\/oassawindels.com\\\/\",\"name\":\"Oassa Windels\",\"description\":\"Un site utilisant WordPress\",\"potentialAction\":[{\"@type\":\"SearchAction\",\"target\":{\"@type\":\"EntryPoint\",\"urlTemplate\":\"http:\\\/\\\/oassawindels.com\\\/?s={search_term_string}\"},\"query-input\":{\"@type\":\"PropertyValueSpecification\",\"valueRequired\":true,\"valueName\":\"search_term_string\"}}],\"inLanguage\":\"fr-FR\"}]}<\/script>\n<!-- \/ Yoast SEO plugin. -->","yoast_head_json":{"title":"Kin\u00e9siologie \u00e0 Mouscron - Oassa Windels","description":"Kin\u00e9siologue \u00e0 Mouscron, je vous accompagne pour lib\u00e9rer le stress, les blocages \u00e9motionnels et retrouver un \u00e9quilibre durable. Prenez rendez-vous.","robots":{"index":"index","follow":"follow","max-snippet":"max-snippet:-1","max-image-preview":"max-image-preview:large","max-video-preview":"max-video-preview:-1"},"canonical":"http:\/\/oassawindels.com\/index.php\/kinesiologie-a-mouscron-oassa-windels\/","og_locale":"fr_FR","og_type":"article","og_title":"Kin\u00e9siologie \u00e0 Mouscron - Oassa Windels","og_description":"Kin\u00e9siologue \u00e0 Mouscron, je vous accompagne pour lib\u00e9rer le stress, les blocages \u00e9motionnels et retrouver un \u00e9quilibre durable. Prenez rendez-vous.","og_url":"http:\/\/oassawindels.com\/index.php\/kinesiologie-a-mouscron-oassa-windels\/","og_site_name":"Oassa Windels","article_modified_time":"2026-05-04T18:59:57+00:00","twitter_card":"summary_large_image","twitter_misc":{"Dur\u00e9e de lecture estim\u00e9e":"1 minute"},"schema":{"@context":"https:\/\/schema.org","@graph":[{"@type":"WebPage","@id":"http:\/\/oassawindels.com\/index.php\/kinesiologie-a-mouscron-oassa-windels\/","url":"http:\/\/oassawindels.com\/index.php\/kinesiologie-a-mouscron-oassa-windels\/","name":"Kin\u00e9siologie \u00e0 Mouscron - Oassa Windels","isPartOf":{"@id":"http:\/\/oassawindels.com\/#website"},"datePublished":"2026-05-04T18:08:48+00:00","dateModified":"2026-05-04T18:59:57+00:00","description":"Kin\u00e9siologue \u00e0 Mouscron, je vous accompagne pour lib\u00e9rer le stress, les blocages \u00e9motionnels et retrouver un \u00e9quilibre durable. Prenez rendez-vous.","breadcrumb":{"@id":"http:\/\/oassawindels.com\/index.php\/kinesiologie-a-mouscron-oassa-windels\/#breadcrumb"},"inLanguage":"fr-FR","potentialAction":[{"@type":"ReadAction","target":["http:\/\/oassawindels.com\/index.php\/kinesiologie-a-mouscron-oassa-windels\/"]}]},{"@type":"BreadcrumbList","@id":"http:\/\/oassawindels.com\/index.php\/kinesiologie-a-mouscron-oassa-windels\/#breadcrumb","itemListElement":[{"@type":"ListItem","position":1,"name":"Home","item":"http:\/\/oassawindels.com\/"},{"@type":"ListItem","position":2,"name":"Kin\u00e9siologie \u00e0 Mouscron"}]},{"@type":"WebSite","@id":"http:\/\/oassawindels.com\/#website","url":"http:\/\/oassawindels.com\/","name":"Oassa Windels","description":"Un site utilisant WordPress","potentialAction":[{"@type":"SearchAction","target":{"@type":"EntryPoint","urlTemplate":"http:\/\/oassawindels.com\/?s={search_term_string}"},"query-input":{"@type":"PropertyValueSpecification","valueRequired":true,"valueName":"search_term_string"}}],"inLanguage":"fr-FR"}]}},"_links":{"self":[{"href":"https:\/\/oassawindels.com\/index.php\/wp-json\/wp\/v2\/pages\/63","targetHints":{"allow":["GET"]}}],"collection":[{"href":"https:\/\/oassawindels.com\/index.php\/wp-json\/wp\/v2\/pages"}],"about":[{"href":"https:\/\/oassawindels.com\/index.php\/wp-json\/wp\/v2\/types\/page"}],"author":[{"embeddable":true,"href":"https:\/\/oassawindels.com\/index.php\/wp-json\/wp\/v2\/users\/1"}],"replies":[{"embeddable":true,"href":"https:\/\/oassawindels.com\/index.php\/wp-json\/wp\/v2\/comments?post=63"}],"version-history":[{"count":19,"href":"https:\/\/oassawindels.com\/index.php\/wp-json\/wp\/v2\/pages\/63\/revisions"}],"predecessor-version":[{"id":91,"href":"https:\/\/oassawindels.com\/index.php\/wp-json\/wp\/v2\/pages\/63\/revisions\/91"}],"wp:attachment":[{"href":"https:\/\/oassawindels.com\/index.php\/wp-json\/wp\/v2\/media?parent=63"}],"curies":[{"name":"wp","href":"https:\/\/api.w.org\/{rel}","templated":true}]}}