{"id":31,"date":"2026-05-04T17:40:39","date_gmt":"2026-05-04T15:40:39","guid":{"rendered":"http:\/\/oassawindels.com\/?page_id=31"},"modified":"2026-05-04T19:08:46","modified_gmt":"2026-05-04T17:08:46","slug":"accueil","status":"publish","type":"page","link":"https:\/\/oassawindels.com\/","title":{"rendered":"Accueil"},"content":{"rendered":"\t\t<div data-elementor-type=\"wp-page\" data-elementor-id=\"31\" class=\"elementor elementor-31\">\n\t\t\t\t\t\t<section class=\"elementor-section elementor-top-section elementor-element elementor-element-ca5ef35 elementor-section-boxed elementor-section-height-default elementor-section-height-default\" data-id=\"ca5ef35\" data-element_type=\"section\" data-e-type=\"section\" data-settings=\"{&quot;background_background&quot;:&quot;gradient&quot;}\">\n\t\t\t\t\t\t<div class=\"elementor-container elementor-column-gap-default\">\n\t\t\t\t\t<div class=\"elementor-column elementor-col-100 elementor-top-column elementor-element elementor-element-61d6c69\" data-id=\"61d6c69\" data-element_type=\"column\" data-e-type=\"column\">\n\t\t\t<div class=\"elementor-widget-wrap elementor-element-populated\">\n\t\t\t\t\t\t<div class=\"elementor-element elementor-element-dea80bf elementor-widget elementor-widget-heading\" data-id=\"dea80bf\" data-element_type=\"widget\" data-e-type=\"widget\" data-widget_type=\"heading.default\">\n\t\t\t\t<div class=\"elementor-widget-container\">\n\t\t\t\t\t<h2 class=\"elementor-heading-title elementor-size-default\">Retrouvez \u00e9quilibre et s\u00e9r\u00e9nit\u00e9<\/h2>\t\t\t\t<\/div>\n\t\t\t\t<\/div>\n\t\t\t\t<div class=\"elementor-element elementor-element-4ddf212 elementor-widget elementor-widget-text-editor\" data-id=\"4ddf212\" data-element_type=\"widget\" data-e-type=\"widget\" data-widget_type=\"text-editor.default\">\n\t\t\t\t<div class=\"elementor-widget-container\">\n\t\t\t\t\t\t\t\t\t<p>Kin\u00e9siologie et Constellations Familiales \u00e0 Mouscron<\/p>\t\t\t\t\t\t\t\t<\/div>\n\t\t\t\t<\/div>\n\t\t\t\t<div class=\"elementor-element elementor-element-280a982 elementor-align-center elementor-widget elementor-widget-button\" data-id=\"280a982\" data-element_type=\"widget\" data-e-type=\"widget\" data-widget_type=\"button.default\">\n\t\t\t\t<div class=\"elementor-widget-container\">\n\t\t\t\t\t\t\t\t\t<div class=\"elementor-button-wrapper\">\n\t\t\t\t\t<a class=\"elementor-button elementor-button-link elementor-size-sm\" href=\"\/contact\">\n\t\t\t\t\t\t<span class=\"elementor-button-content-wrapper\">\n\t\t\t\t\t\t\t\t\t<span class=\"elementor-button-text\">Prendre rendez-vous<\/span>\n\t\t\t\t\t<\/span>\n\t\t\t\t\t<\/a>\n\t\t\t\t<\/div>\n\t\t\t\t\t\t\t\t<\/div>\n\t\t\t\t<\/div>\n\t\t\t\t\t<\/div>\n\t\t<\/div>\n\t\t\t\t\t<\/div>\n\t\t<\/section>\n\t\t\t\t<\/div>\n\t\t","protected":false},"excerpt":{"rendered":"<p>Retrouvez \u00e9quilibre et s\u00e9r\u00e9nit\u00e9 Kin\u00e9siologie et Constellations Familiales \u00e0 Mouscron Prendre rendez-vous<\/p>\n","protected":false},"author":1,"featured_media":0,"parent":0,"menu_order":0,"comment_status":"closed","ping_status":"closed","template":"","meta":{"footnotes":""},"class_list":["post-31","page","type-page","status-publish","hentry"],"yoast_head":"<!-- This site is optimized with the Yoast SEO plugin v27.5 - https:\/\/yoast.com\/product\/yoast-seo-wordpress\/ -->\n<title>Accueil - Oassa Windels<\/title>\n<meta name=\"robots\" content=\"index, follow, max-snippet:-1, max-image-preview:large, max-video-preview:-1\" \/>\n<link rel=\"canonical\" href=\"http:\/\/oassawindels.com\/\" \/>\n<meta property=\"og:locale\" content=\"fr_FR\" \/>\n<meta property=\"og:type\" content=\"article\" \/>\n<meta property=\"og:title\" content=\"Accueil - Oassa Windels\" \/>\n<meta property=\"og:description\" content=\"Retrouvez \u00e9quilibre et s\u00e9r\u00e9nit\u00e9 Kin\u00e9siologie et Constellations Familiales \u00e0 Mouscron Prendre rendez-vous\" \/>\n<meta property=\"og:url\" content=\"http:\/\/oassawindels.com\/\" \/>\n<meta property=\"og:site_name\" content=\"Oassa Windels\" \/>\n<meta property=\"article:modified_time\" content=\"2026-05-04T17:08:46+00:00\" \/>\n<meta name=\"twitter:card\" content=\"summary_large_image\" \/>\n<meta name=\"twitter:label1\" content=\"Dur\u00e9e de lecture estim\u00e9e\" \/>\n\t<meta name=\"twitter:data1\" content=\"1 minute\" \/>\n<script type=\"application\/ld+json\" class=\"yoast-schema-graph\">{\"@context\":\"https:\\\/\\\/schema.org\",\"@graph\":[{\"@type\":\"WebPage\",\"@id\":\"http:\\\/\\\/oassawindels.com\\\/\",\"url\":\"http:\\\/\\\/oassawindels.com\\\/\",\"name\":\"Accueil - Oassa Windels\",\"isPartOf\":{\"@id\":\"http:\\\/\\\/oassawindels.com\\\/#website\"},\"datePublished\":\"2026-05-04T15:40:39+00:00\",\"dateModified\":\"2026-05-04T17:08:46+00:00\",\"breadcrumb\":{\"@id\":\"http:\\\/\\\/oassawindels.com\\\/#breadcrumb\"},\"inLanguage\":\"fr-FR\",\"potentialAction\":[{\"@type\":\"ReadAction\",\"target\":[\"http:\\\/\\\/oassawindels.com\\\/\"]}]},{\"@type\":\"BreadcrumbList\",\"@id\":\"http:\\\/\\\/oassawindels.com\\\/#breadcrumb\",\"itemListElement\":[{\"@type\":\"ListItem\",\"position\":1,\"name\":\"Home\",\"item\":\"http:\\\/\\\/oassawindels.com\\\/\"},{\"@type\":\"ListItem\",\"position\":2,\"name\":\"Accueil\"}]},{\"@type\":\"WebSite\",\"@id\":\"http:\\\/\\\/oassawindels.com\\\/#website\",\"url\":\"http:\\\/\\\/oassawindels.com\\\/\",\"name\":\"Oassa Windels\",\"description\":\"Un site utilisant WordPress\",\"potentialAction\":[{\"@type\":\"SearchAction\",\"target\":{\"@type\":\"EntryPoint\",\"urlTemplate\":\"http:\\\/\\\/oassawindels.com\\\/?s={search_term_string}\"},\"query-input\":{\"@type\":\"PropertyValueSpecification\",\"valueRequired\":true,\"valueName\":\"search_term_string\"}}],\"inLanguage\":\"fr-FR\"}]}<\/script>\n<!-- \/ Yoast SEO plugin. -->","yoast_head_json":{"title":"Accueil - Oassa Windels","robots":{"index":"index","follow":"follow","max-snippet":"max-snippet:-1","max-image-preview":"max-image-preview:large","max-video-preview":"max-video-preview:-1"},"canonical":"http:\/\/oassawindels.com\/","og_locale":"fr_FR","og_type":"article","og_title":"Accueil - Oassa Windels","og_description":"Retrouvez \u00e9quilibre et s\u00e9r\u00e9nit\u00e9 Kin\u00e9siologie et Constellations Familiales \u00e0 Mouscron Prendre rendez-vous","og_url":"http:\/\/oassawindels.com\/","og_site_name":"Oassa Windels","article_modified_time":"2026-05-04T17:08:46+00:00","twitter_card":"summary_large_image","twitter_misc":{"Dur\u00e9e de lecture estim\u00e9e":"1 minute"},"schema":{"@context":"https:\/\/schema.org","@graph":[{"@type":"WebPage","@id":"http:\/\/oassawindels.com\/","url":"http:\/\/oassawindels.com\/","name":"Accueil - Oassa Windels","isPartOf":{"@id":"http:\/\/oassawindels.com\/#website"},"datePublished":"2026-05-04T15:40:39+00:00","dateModified":"2026-05-04T17:08:46+00:00","breadcrumb":{"@id":"http:\/\/oassawindels.com\/#breadcrumb"},"inLanguage":"fr-FR","potentialAction":[{"@type":"ReadAction","target":["http:\/\/oassawindels.com\/"]}]},{"@type":"BreadcrumbList","@id":"http:\/\/oassawindels.com\/#breadcrumb","itemListElement":[{"@type":"ListItem","position":1,"name":"Home","item":"http:\/\/oassawindels.com\/"},{"@type":"ListItem","position":2,"name":"Accueil"}]},{"@type":"WebSite","@id":"http:\/\/oassawindels.com\/#website","url":"http:\/\/oassawindels.com\/","name":"Oassa Windels","description":"Un site utilisant WordPress","potentialAction":[{"@type":"SearchAction","target":{"@type":"EntryPoint","urlTemplate":"http:\/\/oassawindels.com\/?s={search_term_string}"},"query-input":{"@type":"PropertyValueSpecification","valueRequired":true,"valueName":"search_term_string"}}],"inLanguage":"fr-FR"}]}},"_links":{"self":[{"href":"https:\/\/oassawindels.com\/index.php\/wp-json\/wp\/v2\/pages\/31","targetHints":{"allow":["GET"]}}],"collection":[{"href":"https:\/\/oassawindels.com\/index.php\/wp-json\/wp\/v2\/pages"}],"about":[{"href":"https:\/\/oassawindels.com\/index.php\/wp-json\/wp\/v2\/types\/page"}],"author":[{"embeddable":true,"href":"https:\/\/oassawindels.com\/index.php\/wp-json\/wp\/v2\/users\/1"}],"replies":[{"embeddable":true,"href":"https:\/\/oassawindels.com\/index.php\/wp-json\/wp\/v2\/comments?post=31"}],"version-history":[{"count":20,"href":"https:\/\/oassawindels.com\/index.php\/wp-json\/wp\/v2\/pages\/31\/revisions"}],"predecessor-version":[{"id":60,"href":"https:\/\/oassawindels.com\/index.php\/wp-json\/wp\/v2\/pages\/31\/revisions\/60"}],"wp:attachment":[{"href":"https:\/\/oassawindels.com\/index.php\/wp-json\/wp\/v2\/media?parent=31"}],"curies":[{"name":"wp","href":"https:\/\/api.w.org\/{rel}","templated":true}]}}